{"id":303,"date":"2023-06-20T09:07:21","date_gmt":"2023-06-20T09:07:21","guid":{"rendered":"https:\/\/certiappvalencia.es\/accesibilidad\/"},"modified":"2023-10-30T19:34:07","modified_gmt":"2023-10-30T19:34:07","slug":"accesibilitat","status":"publish","type":"page","link":"https:\/\/certiappvalencia.es\/ca\/accesibilitat\/","title":{"rendered":"Declaraci\u00f3 d&#8217;accesibilitat"},"content":{"rendered":"\n<p> <\/p>\n\n\n\n<h2 class=\"wp-block-heading\">POL\u00cdTICA DE ACCESIBILIDAD<\/h2>\n\n\n\n<p>&nbsp;\u00c1lvaro Mateu Sanchis&nbsp;se ha comprometido a hacer accesible su sitio web de conformidad con el Real Decreto 1112\/2018, de 7 de septiembre, sobre accesibilidad de los sitios web y aplicaciones para dispositivos m\u00f3viles del sector p\u00fablico, o desarrollos financiados desde Europa.<\/p>\n\n\n\n<p>La presente declaraci\u00f3n de accesibilidad se aplica a este sitio web, excluyendo los contenidos incrustados provenientes de otros dominios.<\/p>\n\n\n\n<h2 class=\"wp-block-heading\">SITUACI\u00d3N DE CUMPLIMIENTO<\/h2>\n\n\n\n<p>Este sitio web es parcialmente conforme con el RD 1112\/2018. debido a la falta de conformidad de los aspectos que se indican a continuaci\u00f3n.<\/p>\n\n\n\n<h2 class=\"wp-block-heading\">CONTENIDO NO ACCESIBLE<\/h2>\n\n\n\n<p>El contenido que se recoge a continuaci\u00f3n no es accesible por los siguientes motivos:<\/p>\n\n\n\n<p>Falta de conformidad:<\/p>\n\n\n\n<p>Puede haber contenidos de terceros que no est\u00e9n desarrollados en esta Unidad, ni bajo su control, como archivos ofim\u00e1ticos de diferentes organismos que deban publicarse en este sitio.<\/p>\n\n\n\n<p>\u2014 Puede existir contenido no textual con alternativa textual inadecuada en algunas p\u00e1ginas &#8211; Requisito n\u00famero 9.1.1.1 Contenido no textual de UNE-EN 301549:2022<\/p>\n\n\n\n<p>\u2014 Puede haber elementos cuyo contraste no sea el suficiente en algunas p\u00e1ginas \u2013 Requisito 9.1.4.3 Contraste UNE-EN 301549:2022<\/p>\n\n\n\n<p>\u2014 Podr\u00edan existir fallos puntuales de edici\u00f3n en alguna p\u00e1gina web.<\/p>\n\n\n\n<h2 class=\"wp-block-heading\">Observaciones y datos de contacto<\/h2>\n\n\n\n<p>Puede realizar comunicaciones sobre requisitos de accesibilidad (art\u00edculo 10.2.a) del RD 1112\/2018) como por ejemplo:<\/p>\n\n\n\n<p>\u2014 Informar sobre cualquier posible incumplimiento por parte de este sitio web.<\/p>\n\n\n\n<p>\u2014 Transmitir otras dificultades de acceso al contenido.<\/p>\n\n\n\n<p>\u2014 Formular cualquier otra consulta o sugerencia de mejora relativa a la accesibilidad del sitio web.<\/p>\n\n\n\n<p>Escribiendo un correo a <a href=\"mailto:info@certiappvalencia.es\" target=\"_blank\" rel=\"noreferrer noopener\">info@certiappvalencia.es<\/a> con el concepto &#8220;Petici\u00f3n de informaci\u00f3n, quejas y reclamaciones sobre Accesibilidad&#8221;<\/p>\n\n\n\n<h2 class=\"wp-block-heading\">Contenido opcional<\/h2>\n\n\n\n<p>El sitio web est\u00e1 dise\u00f1ado para su visualizaci\u00f3n Responsive, con lo que se visualiza de forma \u00f3ptima en los dispositivos tablet y m\u00f3viles.<\/p>\n\n\n\n<p>Si desea cambiar el tama\u00f1o de letra del texto en los principales navegadores gr\u00e1ficos utilice los siguientes men\u00fas:<\/p>\n\n\n\n<p>\u2014 Internet Explorer, Mozilla y Firefox: Ver &gt; Tama\u00f1o del texto<\/p>\n\n\n\n<p>\u2014 Opera: Ver &gt; Zoom<\/p>\n\n\n\n<p>\u2014 Safari: Ver &gt; Hacer el texto m\u00e1s grande<\/p>\n\n\n\n<p>\u2014 Chrome: Controla la p\u00e1gina actual &gt; Tama\u00f1o del texto<\/p>\n\n\n\n<p>Para modificar el tama\u00f1o de todo en la p\u00e1gina:<\/p>\n\n\n\n<p>\u2014 Ctrl + + para aumentarlo<\/p>\n\n\n\n<p>\u2014 Ctrl + &#8211; para disminuirlo<\/p>\n\n\n\n<p>\u2014 Ctrl + 0 restaura el tama\u00f1o original del texto<\/p>\n","protected":false},"excerpt":{"rendered":"<p>POL\u00cdTICA DE ACCESIBILIDAD &nbsp;\u00c1lvaro Mateu Sanchis&nbsp;se ha comprometido a hacer accesible su sitio web de conformidad con el Real Decreto 1112\/2018, de 7 de septiembre, sobre accesibilidad de los sitios web y aplicaciones para dispositivos m\u00f3viles del sector p\u00fablico, o desarrollos financiados desde Europa. La presente declaraci\u00f3n de accesibilidad se aplica a este sitio web, &hellip; <a href=\"https:\/\/certiappvalencia.es\/ca\/accesibilitat\/\">Continued<\/a><\/p>\n","protected":false},"author":4,"featured_media":0,"parent":0,"menu_order":0,"comment_status":"closed","ping_status":"closed","template":"legal.blade.php","meta":{"_acf_changed":false,"footnotes":""},"class_list":["post-303","page","type-page","status-publish","hentry"],"acf":[],"_links":{"self":[{"href":"https:\/\/certiappvalencia.es\/ca\/wp-json\/wp\/v2\/pages\/303","targetHints":{"allow":["GET"]}}],"collection":[{"href":"https:\/\/certiappvalencia.es\/ca\/wp-json\/wp\/v2\/pages"}],"about":[{"href":"https:\/\/certiappvalencia.es\/ca\/wp-json\/wp\/v2\/types\/page"}],"author":[{"embeddable":true,"href":"https:\/\/certiappvalencia.es\/ca\/wp-json\/wp\/v2\/users\/4"}],"replies":[{"embeddable":true,"href":"https:\/\/certiappvalencia.es\/ca\/wp-json\/wp\/v2\/comments?post=303"}],"version-history":[{"count":2,"href":"https:\/\/certiappvalencia.es\/ca\/wp-json\/wp\/v2\/pages\/303\/revisions"}],"predecessor-version":[{"id":328,"href":"https:\/\/certiappvalencia.es\/ca\/wp-json\/wp\/v2\/pages\/303\/revisions\/328"}],"wp:attachment":[{"href":"https:\/\/certiappvalencia.es\/ca\/wp-json\/wp\/v2\/media?parent=303"}],"curies":[{"name":"wp","href":"https:\/\/api.w.org\/{rel}","templated":true}]}}