{"id":305,"date":"2023-05-16T16:04:20","date_gmt":"2023-05-16T16:04:20","guid":{"rendered":"https:\/\/certiappvalencia.es\/legal-privacidad-cookies\/"},"modified":"2023-11-02T13:42:16","modified_gmt":"2023-11-02T13:42:16","slug":"legal-privacidad-cookies","status":"publish","type":"page","link":"https:\/\/certiappvalencia.es\/ca\/legal-privacidad-cookies\/","title":{"rendered":"Av\u00eds Legal"},"content":{"rendered":"\n<p>Com a usuari, \u00e9s important que conegues els termes i condicions vigents i publicats en esta web, ja que si continues navegant o fas \u00fas d&#8217;ella els est\u00e0s acceptant i t&#8217;obligues a complir-los.<\/p>\n\n\n\n<p>Titular i responsable de la web: \u00c1lvaro Mateu Sanchis. DNI\/NIF: 44802954N. Adre\u00e7a Postal: C\/Almirall *Cadarso, 26, 46005, Val\u00e8ncia. Correu electr\u00f2nic: info@certiappvalencia.es.<\/p>\n\n\n\n<h2 class=\"wp-block-heading\">Propietat intel\u00b7lectual i industrial<\/h2>\n\n\n\n<p>Tots els continguts d&#8217;este lloc web estan protegits per drets de propietat industrial i intel\u00b7lectual. \u00c1lvaro Mateu Sanchis \u00e9s el propietari o llicenciatari de tots els drets de propietat industrial i intel\u00b7lectual sobre este lloc web i tots els seus continguts, aix\u00ed com dels dissenys i qualssevol dels elements que apareixen en ella. Per tant, est\u00e0 expressament prohibida la reproducci\u00f3, distribuci\u00f3, comunicaci\u00f3 p\u00fablica i transformaci\u00f3 de tot o part dels continguts d&#8217;este lloc web amb finalitats comercials, en qualsevol mitj\u00e0 i per qualsevol mitj\u00e0 t\u00e8cnic, sense la pr\u00e8via autoritzaci\u00f3 expressa d&#8217;\u00c1lvaro Mateu Sanchis.<\/p>\n\n\n\n<p>Qualsevol persona f\u00edsica o jur\u00eddica est\u00e0 autoritzada a incloure en les seues p\u00e0gines o llocs web enllaces a qualsevol de les p\u00e0gines d&#8217;esta web. No obstant aix\u00f2, es prohibeixen expressament els enlla\u00e7os a qualsevol de les p\u00e0gines d&#8217;este lloc web que impliquen el visionat de les mateixes en el navegador per mitj\u00e0 de marcs o *frames.<\/p>\n\n\n\n<h2 class=\"wp-block-heading\">Pol\u00edtica de privacitat<\/h2>\n\n\n\n<p>Per a l&#8217;\u00fas d&#8217;esta web \u00e9s condici\u00f3 necess\u00e0ria l&#8217;acceptaci\u00f3 de la pol\u00edtica de privacitat, que regula la recopilaci\u00f3, tractament i \u00fas de la informaci\u00f3 personal i no personal dels usuaris.<\/p>\n\n\n\n<p>Quan uses la web, m&#8217;envies un correu o contactes mitjan\u00e7ant un formulari estem recopilant dades i informaci\u00f3 personal. Per a tractar les teues dades, complim amb la legislaci\u00f3 vigent, local i europea. No venem a tercers la teua informaci\u00f3 personal i, en qualsevol cas, sempre et demanarem consentiment abans d&#8217;utilitzar les teues dades per a qualsevol fi diferent dels que es descriuen en esta Pol\u00edtica de Privacitat.<\/p>\n\n\n\n<p><strong>RESPONSABLE DEL TRACTAMENT DE DADES<\/strong>: \u00c1lvaro Mateu Sanchis. DNI\/NIF: 44802954N. Adre\u00e7a Postal: C\/Almirall *Cadarso, 26, 46005, Val\u00e8ncia. Correu electr\u00f2nic: info@certiappvalencia.es.<\/p>\n\n\n\n<p><strong>FINALITAT DEL TRACTAMENT DE DADES<\/strong>: La finalitat del tractament de les dades \u00e9s, d&#8217;una banda, per a respondre als requeriments dels usuaris, donar resposta a consultes o dubtes que puguen tindre relatives a la informaci\u00f3 inclosa en la web i enviar informaci\u00f3 sobre ofertes de productes o serveis i, d&#8217;altra banda, per a obtindre estad\u00edstiques sobre l&#8217;\u00fas que fan els usuaris de la nostra web.<\/p>\n\n\n\n<p><strong>QUAN TTEMPS CONSERVEM LES TEUES DADES<\/strong>:: Les dades que ens proporciones es conservaran segons els terminis establits per la legislaci\u00f3 i els eliminarem quan aix\u00ed ens ho indiques. Quant a les dades d&#8217;estad\u00edstiques de navegaci\u00f3, ens s\u00f3n proporcionats per Google *Analytics i s\u00f3n an\u00f2nims.<\/p>\n\n\n\n<p><strong>LEGITIMACI\u00d3<\/strong>: La base legal per al tractament de les teues dades \u00e9s el teu consentiment. Si ens manes un correu entenem que \u00e9s del teu inter\u00e9s i ens dones el teu consentiment per a tractar les teues dades i perqu\u00e8 et contestem.<\/p>\n\n\n\n<p><strong>DESTINATARIS ALS QUALS ES COMUNICARAN LES TEUES DADES:<\/strong><\/p>\n\n\n\n<p>Utilitzem eines de tercers com el servei d&#8217;allotjament web i el d&#8217;anal\u00edtica web. Estos prove\u00efdors, poden recopilar i tindre acc\u00e9s a la informaci\u00f3 que els siga necess\u00e0ria per a exercir les seues funcions sota les seues corresponents condicions de privacitat. No obstant aix\u00f2, no som responsables del compliment per la seua part d&#8217;aquestes condicions de privacitat. Esta web est\u00e0 allotjada en *IONOS (https:\/\/www.ionos.es\/), per la qual cosa les dades que ens proporciones directament mitjan\u00e7ant, per exemple, un correu o formulari de contacte estaran allotjats en una de les seues bases de dades.<\/p>\n\n\n\n<p>D&#8217;altra banda, compartim dades de l&#8217;\u00fas que fas de la nostra web amb Google *Analytics amb la finalitat de disposar d&#8217;estad\u00edstiques de navegaci\u00f3 dels usuaris en la nostra web. Google *Analytics \u00e9s un servei d&#8217;anal\u00edtica web prestat per Google, Inc., una companyia de Delaware l&#8217;oficina principal de la qual est\u00e0 en 1600 *Amphitheatre *Parkway, *Mountain *View (Calif\u00f2rnia), CA 94043, els Estats Units (\u201cGoogle\u201d). Google *Analytics utilitza cookies. La informaci\u00f3 que generen les cookies, incloent-hi la teua adre\u00e7a IP, ser\u00e0 directament transmesa i arxivada per Google en els servidors dels Estats Units. Tamb\u00e9 compartirem la informaci\u00f3 que estiguem obligats per llei quan se&#8217;ns requerisca per a aix\u00f2.<\/p>\n\n\n\n<p><strong>QUINS S\u00d3N ELS TEUS DRETS:<\/strong> Qualsevol persona t\u00e9 dret a saber si s&#8217;estan tractant dades personals que el concerneixen o no. Les persones interessades tenen dret a accedir a les seues dades personals, aix\u00ed com a sol\u00b7licitar la rectificaci\u00f3 de les dades inexactes o, si \u00e9s el cas, sol\u00b7licitar la seua supressi\u00f3 quan entre altres motius, les dades ja no siguen necessaris per als fins que van ser recollits. En determinades circumst\u00e0ncies, els interessats podran sol\u00b7licitar la limitaci\u00f3 del tractament de les seues dades. En qualsevol moment els interessats podran oposar-se al tractament de les seues dades. Com a interessat tamb\u00e9 tindr\u00e0s dret a presentar una reclamaci\u00f3 davant l&#8217;Ag\u00e8ncia Espanyola de Protecci\u00f3 de Dades si consideres que el tractament de dades personals que et concerneixen infringeix el Reglament.<\/p>\n\n\n\n<p><strong>CONTACTE<\/strong>: L&#8217;usuari pot exercitar els seus drets d&#8217;acc\u00e9s, rectificaci\u00f3, cancel\u00b7laci\u00f3 i oposici\u00f3 a les seues dades personals sol\u00b7licitant-ho per correu electr\u00f2nic en info@certiappvalencia.es.<\/p>\n\n\n\n<h2 class=\"wp-block-heading\">Pol\u00edtica de cookies<\/h2>\n\n\n\n<p>En esta web utilitzem cookies pr\u00f2pies i de tercers per a proporcionar el servei, millorar la navegaci\u00f3 i obtindre estad\u00edstiques sobre l&#8217;\u00fas de la p\u00e0gina.<\/p>\n\n\n\n<p>Les cookies s\u00f3n fitxers de text que el servidor envia al teu navegador i que contenen informaci\u00f3 de l&#8217;activitat realitzada en el lloc web. D&#8217;esta manera, el servidor pot consultar-la quan el requerisca, b\u00e9 en la sessi\u00f3 establida en la teua visita actual o b\u00e9 durant posteriors visites a la Web.<\/p>\n\n\n\n<p>Existeixen diferents tipus de cookies: segons qui les gestiona tenim cookies pr\u00f2pies, que s\u00f3n les generades per la p\u00e0gina que est\u00e0s visitant i cookies de tercers, que s\u00f3n les generades per serveis o prove\u00efdors externs a eixa p\u00e0gina. Segons la seua finalitat tenim cookies T\u00e8cniques per a permetre i millorar la navegaci\u00f3 i el bon funcionament de la web i cookies d&#8217;an\u00e0lisis per a recaptar dades amb finalitats estad\u00edstics de l&#8217;\u00fas que fan de la web els usuaris.<\/p>\n\n\n\n<p>En funci\u00f3 del temps que estan actives hi ha cookies de sessi\u00f3, que romanen en el teu navegador fins que abandones la p\u00e0gina web de manera que no queden en el teu dispositiu i les cookies persistents, que romanen en el teu dispositiu perqu\u00e8 la nostra web les puga llegir cada vegada que fas una visita. Les cookies persistents deixen de funcionar passada una data concreta.<\/p>\n\n\n\n<p>Amb la finalitat d&#8217;obtindre estad\u00edstiques sobre l&#8217;\u00fas de la nostra web utilitzem Google *Analytics que \u00e9s un servei d&#8217;anal\u00edtica web prestat per Google, Inc., una companyia de Delaware l&#8217;oficina principal de la qual est\u00e0 en 1600 *Amphitheatre *Parkway, *Mountain *View (Calif\u00f2rnia), CA 94043, els Estats Units (\u201cGoogle\u201d). Google *Analytics utilitza cookies per a ajudar a analitzar l&#8217;\u00fas que fan els usuaris del lloc web. La informaci\u00f3 que generen les cookies, incloent-hi la teua adre\u00e7a IP, ser\u00e0 directament transmesa i arxivada per Google en els servidors dels Estats Units.<\/p>\n\n\n\n<p>Google usar\u00e0 esta informaci\u00f3 per compte nostre amb el prop\u00f2sit de recopilar informes de l&#8217;activitat i de l&#8217;\u00fas que fas de la web i d&#8217;Internet. Google podr\u00e0 transmetre aquesta informaci\u00f3 a tercers quan aix\u00ed li ho requerisca la legislaci\u00f3, o quan dits tercers processen la informaci\u00f3 per compte de Google. Google no associar\u00e0 la teua adre\u00e7a IP amb cap altra dada del qual dispose Google. Si ho desitges pots consultar en este enlla\u00e7 el tipus de cookies utilitzades per Google.<\/p>\n\n\n\n<p>L&#8217;usuari accepta expressament, per la utilitzaci\u00f3 d&#8217;esta web, el tractament de la informaci\u00f3 recaptada en la forma i amb els fins anteriorment esmentats. En qualsevol moment pots desactivar o eliminar les cookies del nostre lloc web que s&#8217;hagen pogut guardar en el teu navegador. En els seg\u00fcents enlla\u00e7os trobar\u00e0s informaci\u00f3 detallada de com fer-ho segons el teu navegador: Google Chrome, Google Chrome (Android), Safari, Safari (M\u00f2bil), *Edge, Internet Explorer, *Mozilla Firefox, Opera.<\/p>\n\n\n\n<p><strong>Responsabilitats.<\/strong><\/p>\n\n\n\n<p>Esta p\u00e0gina web i el seu contingut s&#8217;ofereixen \u00fanicament amb finalitats informatius. \u00c1lvaro Mateu Sanchis, titular d&#8217;esta web no es fa responsable dels errors o omissions dels continguts, la falta de disponibilitat de la web o la transmissi\u00f3 de programes maliciosos o lesius en els continguts, malgrat adoptar les mesures necess\u00e0ries per a evitar-ho. El titular no es fa responsable, en cap concepte, dels danys que es pogueren derivar de l&#8217;\u00fas il\u00b7legal o indegut de la present web.<\/p>\n\n\n\n<p>Si com a usuari d&#8217;esta web dones les teues dades personals, amb l&#8217;acceptaci\u00f3 del consentiment informat ren\u00fancies a qualsevol indemnitzaci\u00f3 que per l&#8217;\u00fas legal d&#8217;eixes dades et poguera correspondre, no podent exercir cap reclamaci\u00f3 legal per aix\u00f2. De voler ostentar-la, no has de cedir les teues dades en este lloc web.<\/p>\n\n\n\n<p>L&#8217;acc\u00e9s als continguts p\u00fablics d&#8217;esta web \u00e9s lliure i apte per a qualsevol edat. No obstant aix\u00f2, els menors d&#8217;edat no estan autoritzats a enviar-nos les seues dades personals.<\/p>\n\n\n\n<p>En esta web pot ser que apareguen enlla\u00e7os externs a altres llocs web, no obstant aix\u00f2, \u00c1lvaro Mateu Sanchis no t\u00e9 cap mena de vinculaci\u00f3, ni responsabilitat, ni exerceix cap mena de control sobre eixes altres p\u00e0gines web o sobre el seu contingut, de fet, eixes p\u00e0gines web es regiran pels seus propis termes i condicions.<\/p>\n\n\n\n<p><strong>Canvis.<\/strong><\/p>\n\n\n\n<p>\u00c1lvaro Mateu Sanchis es reserva el dret de fer qualsevol modificaci\u00f3 que considere apropiada en este lloc web sense previ av\u00eds, tant respecte al contingut com als termes i condicions d&#8217;\u00fas. Estes modificacions entraran en vigor des del moment de la seua publicaci\u00f3.<\/p>\n\n\n\n<p><strong>Contacte.<\/strong><\/p>\n\n\n\n<p>Per a qualsevol aclariment, incid\u00e8ncia o reclamaci\u00f3, pots contactar amb mi en info@certiappvalencia.es.<\/p>\n\n\n\n<p>\u00daltima actualitzaci\u00f3: 03-02-2023<\/p>\n","protected":false},"excerpt":{"rendered":"<p>Com a usuari, \u00e9s important que conegues els termes i condicions vigents i publicats en esta web, ja que si continues navegant o fas \u00fas d&#8217;ella els est\u00e0s acceptant i t&#8217;obligues a complir-los. Titular i responsable de la web: \u00c1lvaro Mateu Sanchis. DNI\/NIF: 44802954N. Adre\u00e7a Postal: C\/Almirall *Cadarso, 26, 46005, Val\u00e8ncia. Correu electr\u00f2nic: info@certiappvalencia.es. Propietat &hellip; <a href=\"https:\/\/certiappvalencia.es\/ca\/legal-privacidad-cookies\/\">Continued<\/a><\/p>\n","protected":false},"author":2,"featured_media":0,"parent":0,"menu_order":0,"comment_status":"closed","ping_status":"closed","template":"legal.blade.php","meta":{"_acf_changed":false,"footnotes":""},"class_list":["post-305","page","type-page","status-publish","hentry"],"acf":[],"_links":{"self":[{"href":"https:\/\/certiappvalencia.es\/ca\/wp-json\/wp\/v2\/pages\/305","targetHints":{"allow":["GET"]}}],"collection":[{"href":"https:\/\/certiappvalencia.es\/ca\/wp-json\/wp\/v2\/pages"}],"about":[{"href":"https:\/\/certiappvalencia.es\/ca\/wp-json\/wp\/v2\/types\/page"}],"author":[{"embeddable":true,"href":"https:\/\/certiappvalencia.es\/ca\/wp-json\/wp\/v2\/users\/2"}],"replies":[{"embeddable":true,"href":"https:\/\/certiappvalencia.es\/ca\/wp-json\/wp\/v2\/comments?post=305"}],"version-history":[{"count":4,"href":"https:\/\/certiappvalencia.es\/ca\/wp-json\/wp\/v2\/pages\/305\/revisions"}],"predecessor-version":[{"id":340,"href":"https:\/\/certiappvalencia.es\/ca\/wp-json\/wp\/v2\/pages\/305\/revisions\/340"}],"wp:attachment":[{"href":"https:\/\/certiappvalencia.es\/ca\/wp-json\/wp\/v2\/media?parent=305"}],"curies":[{"name":"wp","href":"https:\/\/api.w.org\/{rel}","templated":true}]}}